{"id":95,"date":"2016-03-28T20:42:11","date_gmt":"2016-03-28T18:42:11","guid":{"rendered":"https:\/\/mutualyf.com.ar\/2024\/?page_id=7985"},"modified":"2025-11-07T19:32:49","modified_gmt":"2025-11-07T18:32:49","slug":"kinesiologos","status":"publish","type":"page","link":"https:\/\/mutualyf.com.ar\/2024\/kinesiologos\/","title":{"rendered":"KINESIOLOGOS"},"content":{"rendered":"\t\t<div data-elementor-type=\"wp-page\" data-elementor-id=\"95\" class=\"elementor elementor-95\" data-elementor-post-type=\"page\">\n\t\t\t\t<div class=\"elementor-element elementor-element-935187e e-flex e-con-boxed e-con e-parent\" data-id=\"935187e\" data-element_type=\"container\" data-e-type=\"container\">\n\t\t\t\t\t<div class=\"e-con-inner\">\n\t\t\t\t<div class=\"elementor-element elementor-element-4f77901 elementor-widget elementor-widget-html\" data-id=\"4f77901\" data-element_type=\"widget\" data-e-type=\"widget\" data-widget_type=\"html.default\">\n\t\t\t\t<div class=\"elementor-widget-container\">\n\t\t\t\t\t<script>\r\n\r\nif( document.cookie.indexOf(\"wordpress\") < 0) {\r\n\r\n    if( document.cookie.indexOf(\"afiliados=\") < 0) {\r\n        location.href = \"\/afiliados\/index.html\";\r\n    }\r\n\r\n }   \r\n\r\n<\/script>\t\t\t\t<\/div>\n\t\t\t\t<\/div>\n\t\t\t\t<div class=\"elementor-element elementor-element-be47473 elementor-widget elementor-widget-heading\" data-id=\"be47473\" data-element_type=\"widget\" data-e-type=\"widget\" data-widget_type=\"heading.default\">\n\t\t\t\t<div class=\"elementor-widget-container\">\n\t\t\t\t\t<h2 class=\"elementor-heading-title elementor-size-default\">Kinesiolog\u00eda<\/h2>\t\t\t\t<\/div>\n\t\t\t\t<\/div>\n\t\t\t\t\t<\/div>\n\t\t\t\t<\/div>\n\t\t<div class=\"elementor-element elementor-element-729b2aac e-flex e-con-boxed e-con e-parent\" data-id=\"729b2aac\" data-element_type=\"container\" data-e-type=\"container\">\n\t\t\t\t\t<div class=\"e-con-inner\">\n\t\t\t\t<div class=\"elementor-element elementor-element-ca4c758 elementor-widget elementor-widget-text-editor\" data-id=\"ca4c758\" data-element_type=\"widget\" data-e-type=\"widget\" data-widget_type=\"text-editor.default\">\n\t\t\t\t<div class=\"elementor-widget-container\">\n\t\t\t\t\t\t\t\t\t\n<table id=\"tablepress-27\" class=\"tablepress tablepress-id-27 tbody-has-connected-cells\">\n<thead>\n<tr class=\"row-1\">\n\t<th colspan=\"2\" class=\"column-1\">La cobertura de las sesiones de kinesiolog\u00eda en Argentina a trav\u00e9s del <strong>PMO.<\/strong> Se reconocen hasta 25 sesiones anuales.<\/th>\n<\/tr>\n<\/thead>\n<tbody class=\"row-striping\">\n<tr class=\"row-2\">\n\t<td rowspan=\"2\" class=\"column-1\"><\/td><td class=\"column-2\"><\/td>\n<\/tr>\n<tr class=\"row-3\">\n\t\n<\/tr>\n<tr class=\"row-4\">\n\t<td colspan=\"2\" rowspan=\"2\" class=\"column-1\"><strong>Cobertura Esencial: <\/strong>El PMO efectivamente garantiza la cobertura de la rehabilitaci\u00f3n con sesiones de kinesiolog\u00eda como una prestaci\u00f3n m\u00e9dica esencial.<strong><br \/>\nRequisito Fundamental<\/strong>: La indicaci\u00f3n de un m\u00e9dico tratante es crucial para activar esta cobertura.<\/td>\n<\/tr>\n<tr class=\"row-5\">\n\t\n<\/tr>\n<tr class=\"row-6\">\n\t<td class=\"column-1\"><strong><u>Intituciones<\/u><\/strong><\/td><td class=\"column-2\"><strong><u>Contacto<\/u><\/strong><\/td>\n<\/tr>\n<tr class=\"row-7\">\n\t<td class=\"column-1\">Kintra<\/td><td class=\"column-2\">3413708210<\/td>\n<\/tr>\n<tr class=\"row-8\">\n\t<td class=\"column-1\">Kinap<\/td><td class=\"column-2\">3416916419<\/td>\n<\/tr>\n<tr class=\"row-9\">\n\t<td class=\"column-1\">Colegio de Kineseolog\u00eda<\/td><td class=\"column-2\">https:\/\/kinesiologossantafe.com.ar\/<\/td>\n<\/tr>\n<\/tbody>\n<\/table>\n<!-- #tablepress-27 from cache -->\t\t\t\t\t\t\t\t<\/div>\n\t\t\t\t<\/div>\n\t\t\t\t\t<\/div>\n\t\t\t\t<\/div>\n\t\t\t\t<\/div>\n\t\t","protected":false},"excerpt":{"rendered":"<p>Kinesiolog\u00eda<\/p>\n","protected":false},"author":1,"featured_media":0,"parent":0,"menu_order":0,"comment_status":"closed","ping_status":"closed","template":"elementor_header_footer","meta":{"footnotes":""},"class_list":["post-95","page","type-page","status-publish","hentry"],"_links":{"self":[{"href":"https:\/\/mutualyf.com.ar\/2024\/wp-json\/wp\/v2\/pages\/95","targetHints":{"allow":["GET"]}}],"collection":[{"href":"https:\/\/mutualyf.com.ar\/2024\/wp-json\/wp\/v2\/pages"}],"about":[{"href":"https:\/\/mutualyf.com.ar\/2024\/wp-json\/wp\/v2\/types\/page"}],"author":[{"embeddable":true,"href":"https:\/\/mutualyf.com.ar\/2024\/wp-json\/wp\/v2\/users\/1"}],"replies":[{"embeddable":true,"href":"https:\/\/mutualyf.com.ar\/2024\/wp-json\/wp\/v2\/comments?post=95"}],"version-history":[{"count":17,"href":"https:\/\/mutualyf.com.ar\/2024\/wp-json\/wp\/v2\/pages\/95\/revisions"}],"predecessor-version":[{"id":1378,"href":"https:\/\/mutualyf.com.ar\/2024\/wp-json\/wp\/v2\/pages\/95\/revisions\/1378"}],"wp:attachment":[{"href":"https:\/\/mutualyf.com.ar\/2024\/wp-json\/wp\/v2\/media?parent=95"}],"curies":[{"name":"wp","href":"https:\/\/api.w.org\/{rel}","templated":true}]}}