{"id":93,"date":"2016-01-06T17:30:16","date_gmt":"2016-01-06T16:30:16","guid":{"rendered":"https:\/\/mutualyf.com.ar\/2024\/?page_id=7829"},"modified":"2024-07-17T20:13:32","modified_gmt":"2024-07-17T18:13:32","slug":"jubilados-provinciales","status":"publish","type":"page","link":"https:\/\/mutualyf.com.ar\/2024\/jubilados-provinciales\/","title":{"rendered":"Jubilados Provinciales"},"content":{"rendered":"\t\t<div data-elementor-type=\"wp-page\" data-elementor-id=\"93\" class=\"elementor elementor-93\" data-elementor-post-type=\"page\">\n\t\t\t\t<div class=\"elementor-element elementor-element-615a8a2 e-flex e-con-boxed e-con e-parent\" data-id=\"615a8a2\" data-element_type=\"container\" data-e-type=\"container\">\n\t\t\t\t\t<div class=\"e-con-inner\">\n\t\t\t\t<div class=\"elementor-element elementor-element-165a56f elementor-widget elementor-widget-heading\" data-id=\"165a56f\" data-element_type=\"widget\" data-e-type=\"widget\" data-widget_type=\"heading.default\">\n\t\t\t\t<div class=\"elementor-widget-container\">\n\t\t\t\t\t<h2 class=\"elementor-heading-title elementor-size-default\">Jubilados Provinciales<\/h2>\t\t\t\t<\/div>\n\t\t\t\t<\/div>\n\t\t\t\t<div class=\"elementor-element elementor-element-6eb5e9a elementor-widget elementor-widget-heading\" data-id=\"6eb5e9a\" data-element_type=\"widget\" data-e-type=\"widget\" data-widget_type=\"heading.default\">\n\t\t\t\t<div class=\"elementor-widget-container\">\n\t\t\t\t\t<h2 class=\"elementor-heading-title elementor-size-default\">Instructivo de afiliaci\u00f3n para jubilados provinciales<\/h2>\t\t\t\t<\/div>\n\t\t\t\t<\/div>\n\t\t\t\t\t<\/div>\n\t\t\t\t<\/div>\n\t\t<div class=\"elementor-element elementor-element-77e5edec e-flex e-con-boxed e-con e-parent\" data-id=\"77e5edec\" data-element_type=\"container\" data-e-type=\"container\">\n\t\t\t\t\t<div class=\"e-con-inner\">\n\t\t\t\t<div class=\"elementor-element elementor-element-fed1f2d elementor-widget elementor-widget-text-editor\" data-id=\"fed1f2d\" data-element_type=\"widget\" data-e-type=\"widget\" data-widget_type=\"text-editor.default\">\n\t\t\t\t<div class=\"elementor-widget-container\">\n\t\t\t\t\t\t\t\t\t<p>Los beneficiarios de <strong>JUBILACIONES PROVINCIALES<\/strong>, son los Compa\u00f1eros que en actividad trabajaron en la E.P.E (Empresa Provincial de la Energ\u00eda).<br \/>Dentro de los 90(noventa) d\u00edas de producido el retiro efectivo de la empresa donde presta servicios, debe concurrir a las oficinas de afiliaciones e la obra social en Rosario, o a la seccional correspondiente, con la siguiente documentaci\u00f3n:<\/p><p>\u2013 Cese de servicio (nota de cese o telegrama, o CONSTANCIA DE BAJA de AFIP)<\/p><p>\u2013 Inicio de Expediente Jubilatorio<\/p><p>\u2013 DNI del titular<\/p><p>\u2013 DNI del grupo familiar a cargo<\/p><p>\u2013 Libreta o Certificado de matrimonio, o certificado de concubinato si corresponde<\/p><p>\u2013 Certificado de nacimiento de los hijos<\/p><p>\u2013 Certificaci\u00f3n negativa de esposa o conviviente<\/p><p>\u2013 Certificaci\u00f3n negativa de hijos mayores de 18 a\u00f1os<\/p><p>Al entregar la documentaci\u00f3n se le proveera de un Convenio IAPOS-OSFATLYF, que deber\u00e1n llevar para hacer cerficar la firma en Tribunales y\/o escriban\u00edas.<\/p><p>Con este tramite se logra que queden en la categor\u00eda de JUBILADOS EN TRAMITE, para evitar ser dados de baja por falta de aportes, hasta tanto cobren la jubilaci\u00f3n.<\/p><p>Cuando cobren la jubilaci\u00f3n deber\u00e1n presentar la RESOLUCION DE LA CAJA DE JUBILACIONES Y PENSIONES DE LA PCIA DE SANTA FE y el primer recibo de cobro de la Jubilaci\u00f3n.<\/p>\t\t\t\t\t\t\t\t<\/div>\n\t\t\t\t<\/div>\n\t\t\t\t\t<\/div>\n\t\t\t\t<\/div>\n\t\t\t\t<\/div>\n\t\t","protected":false},"excerpt":{"rendered":"<p>Jubilados Provinciales Instructivo de afiliaci\u00f3n para jubilados provinciales Los beneficiarios de JUBILACIONES PROVINCIALES, son los Compa\u00f1eros que en actividad trabajaron en la E.P.E (Empresa Provincial de la Energ\u00eda).Dentro de los 90(noventa) d\u00edas de producido el retiro efectivo de la empresa donde presta servicios, debe concurrir a las oficinas de afiliaciones e la obra social en Rosario, o a la seccional &hellip;<\/p>\n","protected":false},"author":1,"featured_media":0,"parent":0,"menu_order":0,"comment_status":"closed","ping_status":"closed","template":"elementor_header_footer","meta":{"footnotes":""},"class_list":["post-93","page","type-page","status-publish","hentry"],"_links":{"self":[{"href":"https:\/\/mutualyf.com.ar\/2024\/wp-json\/wp\/v2\/pages\/93","targetHints":{"allow":["GET"]}}],"collection":[{"href":"https:\/\/mutualyf.com.ar\/2024\/wp-json\/wp\/v2\/pages"}],"about":[{"href":"https:\/\/mutualyf.com.ar\/2024\/wp-json\/wp\/v2\/types\/page"}],"author":[{"embeddable":true,"href":"https:\/\/mutualyf.com.ar\/2024\/wp-json\/wp\/v2\/users\/1"}],"replies":[{"embeddable":true,"href":"https:\/\/mutualyf.com.ar\/2024\/wp-json\/wp\/v2\/comments?post=93"}],"version-history":[{"count":7,"href":"https:\/\/mutualyf.com.ar\/2024\/wp-json\/wp\/v2\/pages\/93\/revisions"}],"predecessor-version":[{"id":433,"href":"https:\/\/mutualyf.com.ar\/2024\/wp-json\/wp\/v2\/pages\/93\/revisions\/433"}],"wp:attachment":[{"href":"https:\/\/mutualyf.com.ar\/2024\/wp-json\/wp\/v2\/media?parent=93"}],"curies":[{"name":"wp","href":"https:\/\/api.w.org\/{rel}","templated":true}]}}