{"id":70,"date":"2015-09-12T10:29:48","date_gmt":"2015-09-12T08:29:48","guid":{"rendered":"https:\/\/mutualyf.com.ar\/2024\/?page_id=3504"},"modified":"2024-07-17T20:36:38","modified_gmt":"2024-07-17T18:36:38","slug":"drogodependencia","status":"publish","type":"page","link":"https:\/\/mutualyf.com.ar\/2024\/drogodependencia\/","title":{"rendered":"Drogodependencia"},"content":{"rendered":"\t\t<div data-elementor-type=\"wp-page\" data-elementor-id=\"70\" class=\"elementor elementor-70\" data-elementor-post-type=\"page\">\n\t\t\t\t<div class=\"elementor-element elementor-element-15b39bb e-flex e-con-boxed e-con e-parent\" data-id=\"15b39bb\" data-element_type=\"container\" data-e-type=\"container\">\n\t\t\t\t\t<div class=\"e-con-inner\">\n\t\t\t\t<div class=\"elementor-element elementor-element-2f3bbc2 elementor-widget elementor-widget-heading\" data-id=\"2f3bbc2\" data-element_type=\"widget\" data-e-type=\"widget\" data-widget_type=\"heading.default\">\n\t\t\t\t<div class=\"elementor-widget-container\">\n\t\t\t\t\t<h2 class=\"elementor-heading-title elementor-size-default\">Drogadependencia<\/h2>\t\t\t\t<\/div>\n\t\t\t\t<\/div>\n\t\t\t\t\t<\/div>\n\t\t\t\t<\/div>\n\t\t<div class=\"elementor-element elementor-element-34437c5f e-flex e-con-boxed e-con e-parent\" data-id=\"34437c5f\" data-element_type=\"container\" data-e-type=\"container\">\n\t\t\t\t\t<div class=\"e-con-inner\">\n\t\t\t\t<div class=\"elementor-element elementor-element-4621bf85 elementor-widget elementor-widget-text-editor\" data-id=\"4621bf85\" data-element_type=\"widget\" data-e-type=\"widget\" data-widget_type=\"text-editor.default\">\n\t\t\t\t<div class=\"elementor-widget-container\">\n\t\t\t\t\t\t\t\t\t<ul><li>Se deber\u00e1 presentar resumen de historia cl\u00ednica espec\u00edfica de drogadependencia y consentimiento informado. (Se adjuntan formularios).<\/li><li>Adem\u00e1s, se requerir\u00e1 documentaci\u00f3n espec\u00edfica del centro de rehabilitaci\u00f3n donde concurra el beneficiario.<\/li><li>Previa evaluaci\u00f3n por parte de la auditoria m\u00e9dica, se dar\u00e1 curso a la autorizaci\u00f3n de las prestaciones.<\/li><li>Para recabar mayor informaci\u00f3n, dirigirse al sector gesti\u00f3n s.u.r. de nuestra obra social.<\/li><\/ul><p>\u00a0<\/p>\t\t\t\t\t\t\t\t<\/div>\n\t\t\t\t<\/div>\n\t\t\t\t\t<\/div>\n\t\t\t\t<\/div>\n\t\t\t\t<\/div>\n\t\t","protected":false},"excerpt":{"rendered":"<p>Drogadependencia Se deber\u00e1 presentar resumen de historia cl\u00ednica espec\u00edfica de drogadependencia y consentimiento informado. (Se adjuntan formularios). Adem\u00e1s, se requerir\u00e1 documentaci\u00f3n espec\u00edfica del centro de rehabilitaci\u00f3n donde concurra el beneficiario. Previa evaluaci\u00f3n por parte de la auditoria m\u00e9dica, se dar\u00e1 curso a la autorizaci\u00f3n de las prestaciones. Para recabar mayor informaci\u00f3n, dirigirse al sector gesti\u00f3n s.u.r. de nuestra obra social. &hellip;<\/p>\n","protected":false},"author":1,"featured_media":0,"parent":0,"menu_order":0,"comment_status":"closed","ping_status":"closed","template":"elementor_header_footer","meta":{"footnotes":""},"class_list":["post-70","page","type-page","status-publish","hentry"],"_links":{"self":[{"href":"https:\/\/mutualyf.com.ar\/2024\/wp-json\/wp\/v2\/pages\/70","targetHints":{"allow":["GET"]}}],"collection":[{"href":"https:\/\/mutualyf.com.ar\/2024\/wp-json\/wp\/v2\/pages"}],"about":[{"href":"https:\/\/mutualyf.com.ar\/2024\/wp-json\/wp\/v2\/types\/page"}],"author":[{"embeddable":true,"href":"https:\/\/mutualyf.com.ar\/2024\/wp-json\/wp\/v2\/users\/1"}],"replies":[{"embeddable":true,"href":"https:\/\/mutualyf.com.ar\/2024\/wp-json\/wp\/v2\/comments?post=70"}],"version-history":[{"count":4,"href":"https:\/\/mutualyf.com.ar\/2024\/wp-json\/wp\/v2\/pages\/70\/revisions"}],"predecessor-version":[{"id":454,"href":"https:\/\/mutualyf.com.ar\/2024\/wp-json\/wp\/v2\/pages\/70\/revisions\/454"}],"wp:attachment":[{"href":"https:\/\/mutualyf.com.ar\/2024\/wp-json\/wp\/v2\/media?parent=70"}],"curies":[{"name":"wp","href":"https:\/\/api.w.org\/{rel}","templated":true}]}}