{"id":69,"date":"2015-09-11T15:54:18","date_gmt":"2015-09-11T13:54:18","guid":{"rendered":"https:\/\/mutualyf.com.ar\/2024\/?page_id=3491"},"modified":"2024-07-17T20:34:48","modified_gmt":"2024-07-17T18:34:48","slug":"discapacidad","status":"publish","type":"page","link":"https:\/\/mutualyf.com.ar\/2024\/discapacidad\/","title":{"rendered":"Discapacidad"},"content":{"rendered":"\t\t<div data-elementor-type=\"wp-page\" data-elementor-id=\"69\" class=\"elementor elementor-69\" data-elementor-post-type=\"page\">\n\t\t\t\t<div class=\"elementor-element elementor-element-ddeca44 e-flex e-con-boxed e-con e-parent\" data-id=\"ddeca44\" data-element_type=\"container\" data-e-type=\"container\">\n\t\t\t\t\t<div class=\"e-con-inner\">\n\t\t\t\t<div class=\"elementor-element elementor-element-03f10a3 elementor-widget elementor-widget-heading\" data-id=\"03f10a3\" data-element_type=\"widget\" data-e-type=\"widget\" data-widget_type=\"heading.default\">\n\t\t\t\t<div class=\"elementor-widget-container\">\n\t\t\t\t\t<h2 class=\"elementor-heading-title elementor-size-default\">Discapacidad<\/h2>\t\t\t\t<\/div>\n\t\t\t\t<\/div>\n\t\t\t\t\t<\/div>\n\t\t\t\t<\/div>\n\t\t<div class=\"elementor-element elementor-element-49eaddf1 e-flex e-con-boxed e-con e-parent\" data-id=\"49eaddf1\" data-element_type=\"container\" data-e-type=\"container\">\n\t\t\t\t\t<div class=\"e-con-inner\">\n\t\t\t\t<div class=\"elementor-element elementor-element-1a8684b elementor-widget elementor-widget-text-editor\" data-id=\"1a8684b\" data-element_type=\"widget\" data-e-type=\"widget\" data-widget_type=\"text-editor.default\">\n\t\t\t\t<div class=\"elementor-widget-container\">\n\t\t\t\t\t\t\t\t\t<ul><li>Para gestionar prestaciones por discapacidad,\u00a0 se deber\u00e1 presentar sin excepci\u00f3n,\u00a0 certificado de discapacidad en vigencia, historia cl\u00ednica y pedido m\u00e9dico.<\/li><li>Previa evaluaci\u00f3n de la documentaci\u00f3n presentada por parte del afiliado y de los prestadores, y acorde a la orientaci\u00f3n prestacional del certificado, se dar\u00e1 curso a la autorizaci\u00f3n por parte de auditoria m\u00e9dica.<\/li><li>Para recabar mayor informaci\u00f3n, dirigirse al sector gesti\u00f3n s.u.r. de nuestra obra social.<\/li><\/ul><p>\u00a0<\/p>\t\t\t\t\t\t\t\t<\/div>\n\t\t\t\t<\/div>\n\t\t\t\t\t<\/div>\n\t\t\t\t<\/div>\n\t\t\t\t<\/div>\n\t\t","protected":false},"excerpt":{"rendered":"<p>Discapacidad Para gestionar prestaciones por discapacidad,\u00a0 se deber\u00e1 presentar sin excepci\u00f3n,\u00a0 certificado de discapacidad en vigencia, historia cl\u00ednica y pedido m\u00e9dico. Previa evaluaci\u00f3n de la documentaci\u00f3n presentada por parte del afiliado y de los prestadores, y acorde a la orientaci\u00f3n prestacional del certificado, se dar\u00e1 curso a la autorizaci\u00f3n por parte de auditoria m\u00e9dica. Para recabar mayor informaci\u00f3n, dirigirse al &hellip;<\/p>\n","protected":false},"author":1,"featured_media":0,"parent":0,"menu_order":0,"comment_status":"closed","ping_status":"closed","template":"elementor_header_footer","meta":{"footnotes":""},"class_list":["post-69","page","type-page","status-publish","hentry"],"_links":{"self":[{"href":"https:\/\/mutualyf.com.ar\/2024\/wp-json\/wp\/v2\/pages\/69","targetHints":{"allow":["GET"]}}],"collection":[{"href":"https:\/\/mutualyf.com.ar\/2024\/wp-json\/wp\/v2\/pages"}],"about":[{"href":"https:\/\/mutualyf.com.ar\/2024\/wp-json\/wp\/v2\/types\/page"}],"author":[{"embeddable":true,"href":"https:\/\/mutualyf.com.ar\/2024\/wp-json\/wp\/v2\/users\/1"}],"replies":[{"embeddable":true,"href":"https:\/\/mutualyf.com.ar\/2024\/wp-json\/wp\/v2\/comments?post=69"}],"version-history":[{"count":4,"href":"https:\/\/mutualyf.com.ar\/2024\/wp-json\/wp\/v2\/pages\/69\/revisions"}],"predecessor-version":[{"id":450,"href":"https:\/\/mutualyf.com.ar\/2024\/wp-json\/wp\/v2\/pages\/69\/revisions\/450"}],"wp:attachment":[{"href":"https:\/\/mutualyf.com.ar\/2024\/wp-json\/wp\/v2\/media?parent=69"}],"curies":[{"name":"wp","href":"https:\/\/api.w.org\/{rel}","templated":true}]}}