{"id":56,"date":"2016-01-22T18:31:59","date_gmt":"2016-01-22T17:31:59","guid":{"rendered":"https:\/\/mutualyf.com.ar\/2024\/?page_id=7838"},"modified":"2016-01-22T18:31:59","modified_gmt":"2016-01-22T17:31:59","slug":"cobertura","status":"publish","type":"page","link":"https:\/\/mutualyf.com.ar\/2024\/cobertura\/","title":{"rendered":"Cobertura"},"content":{"rendered":"<div class='grid-row clearfix'><div class='grid-col grid-col-12'><section class='cws-widget'><section class='cws_widget_content'><\/p>\n<blockquote>\n<p style=\"text-align: center;\"><strong><u>MUTUALYF PLAN ESPECIAL CON FSR<\/u><\/strong><\/p>\n<\/blockquote>\n<h2>Referencias:<\/h2>\n<p>S\/T: sin tope &#8211; C\/T: con tope &#8211; S\/L: sin l\u00edmite &#8211; C\/L: con l\u00edmite &#8211; C\/C: con copago &#8211; H\/: hasta &#8211; PR: precio de referencia<\/p>\n<p><strong>PLAN SIN COPAGO &#8211; <\/strong><strong>REINTEGRO ANUAL POR PERSONA<\/strong><\/p>\n<h2 style=\"text-align: center;\">COBERTURA AMBULATORIA<\/h2>\n<h2>Consultas M\u00e9dicas<\/h2>\n<ul>\n<li>En Consultorio<\/li>\n<li>En Internaci\u00f3n<\/li>\n<li>En Domicilio<\/li>\n<\/ul>\n<h2>Estudios y Pr\u00e1cticas de Diagn\u00f3stico y Tratamiento<\/h2>\n<ul>\n<li>Simples (radiograf\u00edas, yesos, suturas, etc.).<\/li>\n<li>Alta Complejidad (adjuntar historia cl\u00ednica y\/o estudios previos).<\/li>\n<li>Laboratorio Simple<\/li>\n<li>Laboratorio Mediana y Alta Complejidad (adjuntar historia cl\u00ednica y\/o estudios previos).<\/li>\n<li>Material de Contraste<\/li>\n<li>Material Radioactivo<\/li>\n<\/ul>\n<h2>Rehabilitaci\u00f3n<\/h2>\n<ul>\n<li>Fisiatr\u00eda y Kinesiolog\u00eda 25 sesiones \/ a\u00f1o.<\/li>\n<li>Fonoaudiolog\u00eda 25 sesiones \/ a\u00f1o.<\/li>\n<\/ul>\n<h2>Salud Mental<\/h2>\n<ul class=\"ul3\">\n<li>Sesiones Ambulatorias (Psiquiatr\u00eda, Psicopedagog\u00eda, Psicolog\u00eda, Psicodiagn\u00f3stico) 44 sesiones\/a\u00f1o. Atenci\u00f3n en Red contratada.<\/li>\n<\/ul>\n<h2>Cl\u00ednicas y Quir\u00fargicas Programadas<\/h2>\n<ul class=\"ul3\">\n<li>Honorarios Profesionales<\/li>\n<li>Gastos Sanatoriales<\/li>\n<li>Terapia Intensiva<\/li>\n<li>Unidad Coronaria \/ Cuidados Especiales<\/li>\n<li>Medicamentos y Material Descartable<\/li>\n<\/ul>\n<h2>Alta Complejidad<\/h2>\n<ul class=\"ul3\">\n<li>Neurocirug\u00eda<\/li>\n<li>Cirug\u00eda Cardiovascular<\/li>\n<\/ul>\n<h2>Maternidad<\/h2>\n<ul class=\"ul3\">\n<li>Honorarios y Gastos \u2013 Medicamentos<\/li>\n<li>Pensi\u00f3n<\/li>\n<li>Atenci\u00f3n al Reci\u00e9n Nacido<\/li>\n<\/ul>\n<h2>TRASPLANTES<\/h2>\n<ul class=\"ul3\">\n<li>Estudios Pre y Post Trasplante<\/li>\n<li>Trasplante<\/li>\n<\/ul>\n<h2>PR\u00d3TESIS Y ORTESIS<\/h2>\n<ul class=\"ul3\">\n<li>Nacionales y del Mercosur, provistas por Mutualyf.<\/li>\n<li>Pr\u00f3tesis e Implantes internos permanentes (seg\u00fan valores Mutualyf)<\/li>\n<li>Pr\u00f3tesis y Ortesis externas<\/li>\n<li>Importadas, provistas Mutualyf seg\u00fan evaluaci\u00f3n conjunta entre Auditor\u00eda M\u00e9dica y Secretar\u00eda de Servicios Sociales.<\/li>\n<li>Pr\u00f3tesis e Implantes internos permanentes (seg\u00fan valores Mutualyf)<\/li>\n<\/ul>\n<h2>MEDICAMENTOS<\/h2>\n<ul class=\"ul3\">\n<li>Ambulatorios en Farmacias Adheridas:<\/li>\n<li>40% + 20%: en Farmacia Sindical, MIR, Vecelio, La Fe, Cruz del Oeste y en todas las farmacias del Interior.<\/li>\n<li>40% en farmacias del Colegio y del C\u00edrculo de Prestaciones Farmac\u00e9uticas en Rosario.<\/li>\n<li>Vacunas \u2013 fuera del calendario oficial, 20% de descuento.<\/li>\n<li>Vacunas \u2013 dentro del calendario oficial, 100 % de descuento.<\/li>\n<li>Cobertura del 100% seg\u00fan legislaci\u00f3n vigente.<\/li>\n<li>Formulario de Tratamiento Prolongado en Farmacia Sindical + F.S.R. 100%, 70% o 60% seg\u00fan patolog\u00eda.<\/li>\n<\/ul>\n<h2>ODONTOLOG\u00cdA<\/h2>\n<ul class=\"ul3\">\n<li>Consulta y Urgencia<\/li>\n<li>Odontolog\u00eda General<\/li>\n<li>Ortodoncia de 8 a 16 a\u00f1os \u2013 por reintegro C\/T \u2013 C\/L.<\/li>\n<li>Pr\u00f3tesis. C\/T \u2013 C\/L.<\/li>\n<\/ul>\n<h2>\u00d3PTICA<\/h2>\n<ul>\n<li><span style=\"line-height: 1.5;\">Cristales Lejos\/Cerca C\/T \u2013 C\/L<\/span><\/li>\n<li><span style=\"line-height: 1.5;\">Cristales Bifocales\/Multifocales C\/T \u2013 C\/L<\/span><\/li>\n<li><span style=\"line-height: 1.5;\">Lentes de Contacto C\/T \u2013 C\/L<\/span><\/li>\n<\/ul>\n<h2>ORTOPEDIA<\/h2>\n<ul class=\"ul3\">\n<li>Calzado Ortop\u00e9dico \u2013 por reintegro C\/T \u2013 C\/L<\/li>\n<li>Plantillas \u2013 por reintegro C\/T \u2013 C\/L<\/li>\n<\/ul>\n<h2>OTRAS PRESTACIONES<\/h2>\n<ul class=\"ul3\">\n<li>Nutrici\u00f3n: seg\u00fan reglamento F.S.R.<\/li>\n<li>Cirug\u00eda Refractiva \u2013 a partir de 6 dioptr\u00edas en Miop\u00eda y m\u00e1s de 10 en hipermetrop\u00eda \u2013 100% \u2013 C\/L<\/li>\n<li>Oncolog\u00eda: Diagn\u00f3stico y Tratamiento S\/T \u2013 S\/L.<\/li>\n<li>Hemodi\u00e1lisis S\/T \u2013 S\/L.<\/li>\n<\/ul>\n<h2>PLAN MATERNO INFANTIL<\/h2>\n<ul class=\"ul3\">\n<li>Cobertura para la mam\u00e1 en la atenci\u00f3n del embarazo y para el beb\u00e9 hasta el primer a\u00f1o de edad.<\/li>\n<li>Consulta y Pr\u00e1ctica<\/li>\n<li>Medicamentos 100% (acorde al embarazo).<\/li>\n<li>Vacunas para la Mam\u00e1 y el Beb\u00e9 (calendario nacional) 100 %.<\/li>\n<li>Leche Medicamentosa 100 % C\/T \u2013 S\/L.<\/li>\n<li>Leches Maternizadas 100% C\/T \u2013 C\/L.<\/li>\n<li>\u00c1cido F\u00f3lico 100% en embarazada.<\/li>\n<\/ul>\n<h2>AMBULANCIA<\/h2>\n<ul class=\"ul3\">\n<li>Traslados Programados C\/L \u2013 S\/T.<\/li>\n<\/ul>\n<h2>Acceso al Servicio<\/h2>\n<h3>Atenci\u00f3n con credencial o presentaci\u00f3n de formulario de autorizaci\u00f3n previa.<\/h3>\n<p><small>Nota: Lo descripto precedentemente opera de manera enunciativa y no taxativa.<\/small><\/p>\n<p><\/section><\/section><\/div><\/div>\n","protected":false},"excerpt":{"rendered":"","protected":false},"author":1,"featured_media":0,"parent":0,"menu_order":0,"comment_status":"closed","ping_status":"closed","template":"","meta":{"footnotes":""},"class_list":["post-56","page","type-page","status-publish","hentry"],"_links":{"self":[{"href":"https:\/\/mutualyf.com.ar\/2024\/wp-json\/wp\/v2\/pages\/56","targetHints":{"allow":["GET"]}}],"collection":[{"href":"https:\/\/mutualyf.com.ar\/2024\/wp-json\/wp\/v2\/pages"}],"about":[{"href":"https:\/\/mutualyf.com.ar\/2024\/wp-json\/wp\/v2\/types\/page"}],"author":[{"embeddable":true,"href":"https:\/\/mutualyf.com.ar\/2024\/wp-json\/wp\/v2\/users\/1"}],"replies":[{"embeddable":true,"href":"https:\/\/mutualyf.com.ar\/2024\/wp-json\/wp\/v2\/comments?post=56"}],"version-history":[{"count":0,"href":"https:\/\/mutualyf.com.ar\/2024\/wp-json\/wp\/v2\/pages\/56\/revisions"}],"wp:attachment":[{"href":"https:\/\/mutualyf.com.ar\/2024\/wp-json\/wp\/v2\/media?parent=56"}],"curies":[{"name":"wp","href":"https:\/\/api.w.org\/{rel}","templated":true}]}}