{"id":51,"date":"2016-03-28T21:07:24","date_gmt":"2016-03-28T19:07:24","guid":{"rendered":"https:\/\/mutualyf.com.ar\/2024\/?page_id=7997"},"modified":"2025-11-17T19:40:23","modified_gmt":"2025-11-17T18:40:23","slug":"laboratorios","status":"publish","type":"page","link":"https:\/\/mutualyf.com.ar\/2024\/laboratorios\/","title":{"rendered":"Laboratorios"},"content":{"rendered":"\t\t<div data-elementor-type=\"wp-page\" data-elementor-id=\"51\" class=\"elementor elementor-51\" data-elementor-post-type=\"page\">\n\t\t\t\t<div class=\"elementor-element elementor-element-b439300 e-flex e-con-boxed e-con e-parent\" data-id=\"b439300\" data-element_type=\"container\" data-e-type=\"container\">\n\t\t\t\t\t<div class=\"e-con-inner\">\n\t\t\t\t<div class=\"elementor-element elementor-element-a5d7b7a elementor-widget elementor-widget-html\" data-id=\"a5d7b7a\" data-element_type=\"widget\" data-e-type=\"widget\" data-widget_type=\"html.default\">\n\t\t\t\t<div class=\"elementor-widget-container\">\n\t\t\t\t\t<script>\r\n\r\nif( document.cookie.indexOf(\"wordpress\") < 0) {\r\n\r\n    if( document.cookie.indexOf(\"afiliados=\") < 0) {\r\n        location.href = \"\/afiliados\/index.html\";\r\n    }\r\n\r\n }   \r\n\r\n<\/script>\t\t\t\t<\/div>\n\t\t\t\t<\/div>\n\t\t\t\t<div class=\"elementor-element elementor-element-5521dc4 elementor-widget elementor-widget-heading\" data-id=\"5521dc4\" data-element_type=\"widget\" data-e-type=\"widget\" data-widget_type=\"heading.default\">\n\t\t\t\t<div class=\"elementor-widget-container\">\n\t\t\t\t\t<h2 class=\"elementor-heading-title elementor-size-default\">Laboratorios<\/h2>\t\t\t\t<\/div>\n\t\t\t\t<\/div>\n\t\t\t\t\t<\/div>\n\t\t\t\t<\/div>\n\t\t<div class=\"elementor-element elementor-element-24580ea e-flex e-con-boxed e-con e-parent\" data-id=\"24580ea\" data-element_type=\"container\" data-e-type=\"container\">\n\t\t\t\t\t<div class=\"e-con-inner\">\n\t\t<div class=\"elementor-element elementor-element-cee65cd e-con-full e-flex e-con e-child\" data-id=\"cee65cd\" data-element_type=\"container\" data-e-type=\"container\" data-settings=\"{&quot;background_background&quot;:&quot;classic&quot;}\">\n\t\t\t\t<div class=\"elementor-element elementor-element-39bc5bd elementor-widget elementor-widget-text-editor\" data-id=\"39bc5bd\" data-element_type=\"widget\" data-e-type=\"widget\" data-widget_type=\"text-editor.default\">\n\t\t\t\t<div class=\"elementor-widget-container\">\n\t\t\t\t\t\t\t\t\t<p>Elegir el laboratorio adecuado es fundamental para garantizar la confiabilidad y la comodidad en tus an\u00e1lisis m\u00e9dicos. Los criterios m\u00e1s importantes se centran en la calidad, la accesibilidad y el servicio al paciente. Contamos con Sistema de Autorizacion de ordenes Bioquimicas on-line (CTB)<\/p>\t\t\t\t\t\t\t\t<\/div>\n\t\t\t\t<\/div>\n\t\t\t\t<\/div>\n\t\t\t\t\t<\/div>\n\t\t\t\t<\/div>\n\t\t<div class=\"elementor-element elementor-element-7bf6abfd e-flex e-con-boxed e-con e-parent\" data-id=\"7bf6abfd\" data-element_type=\"container\" data-e-type=\"container\">\n\t\t\t\t\t<div class=\"e-con-inner\">\n\t\t\t\t<div class=\"elementor-element elementor-element-125848a1 elementor-widget elementor-widget-text-editor\" data-id=\"125848a1\" data-element_type=\"widget\" data-e-type=\"widget\" data-widget_type=\"text-editor.default\">\n\t\t\t\t<div class=\"elementor-widget-container\">\n\t\t\t\t\t\t\t\t\t\n<table id=\"tablepress-29\" class=\"tablepress tablepress-id-29\">\n<thead>\n<tr class=\"row-1\">\n\t<th class=\"column-1\"><strong><u>Intituciones<\/u><\/strong><\/th><th class=\"column-2\"><strong><u>Contacto<\/u><\/strong><\/th>\n<\/tr>\n<\/thead>\n<tbody class=\"row-striping\">\n<tr class=\"row-2\">\n\t<td class=\"column-1\">LHAT<\/td><td class=\"column-2\">http:\/\/www.lahtsrl.com.ar\/<\/td>\n<\/tr>\n<tr class=\"row-3\">\n\t<td class=\"column-1\">IICT LABS<\/td><td class=\"column-2\">https:\/\/iictlabs.com.ar\/<\/td>\n<\/tr>\n<tr class=\"row-4\">\n\t<td class=\"column-1\">IBC<\/td><td class=\"column-2\">https:\/\/www.ibcrosario.com.ar\/<\/td>\n<\/tr>\n<tr class=\"row-5\">\n\t<td class=\"column-1\">Lab. De Patolog\u00eda Clinico Quir\u00fargica<\/td><td class=\"column-2\">https:\/\/lpcq.com.ar\/<\/td>\n<\/tr>\n<tr class=\"row-6\">\n\t<td class=\"column-1\"><\/td><td class=\"column-2\"><\/td>\n<\/tr>\n<tr class=\"row-7\">\n\t<td class=\"column-1\"><\/td><td class=\"column-2\"><\/td>\n<\/tr>\n<\/tbody>\n<\/table>\n<!-- #tablepress-29 from cache -->\t\t\t\t\t\t\t\t<\/div>\n\t\t\t\t<\/div>\n\t\t\t\t\t<\/div>\n\t\t\t\t<\/div>\n\t\t\t\t<\/div>\n\t\t","protected":false},"excerpt":{"rendered":"<p>Laboratorios Elegir el laboratorio adecuado es fundamental para garantizar la confiabilidad y la comodidad en tus an\u00e1lisis m\u00e9dicos. Los criterios m\u00e1s importantes se centran en la calidad, la accesibilidad y el servicio al paciente. Contamos con Sistema de Autorizacion de ordenes Bioquimicas on-line (CTB)<\/p>\n","protected":false},"author":1,"featured_media":0,"parent":0,"menu_order":0,"comment_status":"closed","ping_status":"closed","template":"elementor_header_footer","meta":{"footnotes":""},"class_list":["post-51","page","type-page","status-publish","hentry"],"_links":{"self":[{"href":"https:\/\/mutualyf.com.ar\/2024\/wp-json\/wp\/v2\/pages\/51","targetHints":{"allow":["GET"]}}],"collection":[{"href":"https:\/\/mutualyf.com.ar\/2024\/wp-json\/wp\/v2\/pages"}],"about":[{"href":"https:\/\/mutualyf.com.ar\/2024\/wp-json\/wp\/v2\/types\/page"}],"author":[{"embeddable":true,"href":"https:\/\/mutualyf.com.ar\/2024\/wp-json\/wp\/v2\/users\/1"}],"replies":[{"embeddable":true,"href":"https:\/\/mutualyf.com.ar\/2024\/wp-json\/wp\/v2\/comments?post=51"}],"version-history":[{"count":17,"href":"https:\/\/mutualyf.com.ar\/2024\/wp-json\/wp\/v2\/pages\/51\/revisions"}],"predecessor-version":[{"id":1359,"href":"https:\/\/mutualyf.com.ar\/2024\/wp-json\/wp\/v2\/pages\/51\/revisions\/1359"}],"wp:attachment":[{"href":"https:\/\/mutualyf.com.ar\/2024\/wp-json\/wp\/v2\/media?parent=51"}],"curies":[{"name":"wp","href":"https:\/\/api.w.org\/{rel}","templated":true}]}}