{"id":47,"date":"2015-09-12T10:46:43","date_gmt":"2015-09-12T08:46:43","guid":{"rendered":"https:\/\/mutualyf.com.ar\/2024\/?page_id=3523"},"modified":"2024-07-18T14:25:42","modified_gmt":"2024-07-18T12:25:42","slug":"alimentos-para-celiacos","status":"publish","type":"page","link":"https:\/\/mutualyf.com.ar\/2024\/alimentos-para-celiacos\/","title":{"rendered":"Alimentos para Cel\u00edacos"},"content":{"rendered":"\t\t<div data-elementor-type=\"wp-page\" data-elementor-id=\"47\" class=\"elementor elementor-47\" data-elementor-post-type=\"page\">\n\t\t\t\t<div class=\"elementor-element elementor-element-e77e3d5 e-flex e-con-boxed e-con e-parent\" data-id=\"e77e3d5\" data-element_type=\"container\" data-e-type=\"container\">\n\t\t\t\t\t<div class=\"e-con-inner\">\n\t\t\t\t<div class=\"elementor-element elementor-element-140f241 elementor-widget elementor-widget-heading\" data-id=\"140f241\" data-element_type=\"widget\" data-e-type=\"widget\" data-widget_type=\"heading.default\">\n\t\t\t\t<div class=\"elementor-widget-container\">\n\t\t\t\t\t<h2 class=\"elementor-heading-title elementor-size-default\">Alimentos para Cel\u00edacos<\/h2>\t\t\t\t<\/div>\n\t\t\t\t<\/div>\n\t\t\t\t\t<\/div>\n\t\t\t\t<\/div>\n\t\t<div class=\"elementor-element elementor-element-251aa2e2 e-flex e-con-boxed e-con e-parent\" data-id=\"251aa2e2\" data-element_type=\"container\" data-e-type=\"container\">\n\t\t\t\t\t<div class=\"e-con-inner\">\n\t\t\t\t<div class=\"elementor-element elementor-element-42f43c7b elementor-widget elementor-widget-text-editor\" data-id=\"42f43c7b\" data-element_type=\"widget\" data-e-type=\"widget\" data-widget_type=\"text-editor.default\">\n\t\t\t\t<div class=\"elementor-widget-container\">\n\t\t\t\t\t\t\t\t\t<ul><li>Al iniciar el tratamiento debe presentar solicitud de reconocimiento acompa\u00f1ada con historia cl\u00ednica, estudios previos\u00a0 y tickets o factura de compra correspondiente al mes requerido.<\/li><li>Reconocimientos subsiguientes presentar \u00fanicamente solicitud de reintegros junto con tickets o factura del mes.<\/li><\/ul><p>\u00a0<\/p>\t\t\t\t\t\t\t\t<\/div>\n\t\t\t\t<\/div>\n\t\t\t\t\t<\/div>\n\t\t\t\t<\/div>\n\t\t\t\t<\/div>\n\t\t","protected":false},"excerpt":{"rendered":"<p>Alimentos para Cel\u00edacos Al iniciar el tratamiento debe presentar solicitud de reconocimiento acompa\u00f1ada con historia cl\u00ednica, estudios previos\u00a0 y tickets o factura de compra correspondiente al mes requerido. Reconocimientos subsiguientes presentar \u00fanicamente solicitud de reintegros junto con tickets o factura del mes. \u00a0<\/p>\n","protected":false},"author":1,"featured_media":0,"parent":0,"menu_order":0,"comment_status":"closed","ping_status":"closed","template":"elementor_header_footer","meta":{"footnotes":""},"class_list":["post-47","page","type-page","status-publish","hentry"],"_links":{"self":[{"href":"https:\/\/mutualyf.com.ar\/2024\/wp-json\/wp\/v2\/pages\/47","targetHints":{"allow":["GET"]}}],"collection":[{"href":"https:\/\/mutualyf.com.ar\/2024\/wp-json\/wp\/v2\/pages"}],"about":[{"href":"https:\/\/mutualyf.com.ar\/2024\/wp-json\/wp\/v2\/types\/page"}],"author":[{"embeddable":true,"href":"https:\/\/mutualyf.com.ar\/2024\/wp-json\/wp\/v2\/users\/1"}],"replies":[{"embeddable":true,"href":"https:\/\/mutualyf.com.ar\/2024\/wp-json\/wp\/v2\/comments?post=47"}],"version-history":[{"count":4,"href":"https:\/\/mutualyf.com.ar\/2024\/wp-json\/wp\/v2\/pages\/47\/revisions"}],"predecessor-version":[{"id":499,"href":"https:\/\/mutualyf.com.ar\/2024\/wp-json\/wp\/v2\/pages\/47\/revisions\/499"}],"wp:attachment":[{"href":"https:\/\/mutualyf.com.ar\/2024\/wp-json\/wp\/v2\/media?parent=47"}],"curies":[{"name":"wp","href":"https:\/\/api.w.org\/{rel}","templated":true}]}}