{"id":45,"date":"2015-09-12T11:23:47","date_gmt":"2015-09-12T09:23:47","guid":{"rendered":"https:\/\/mutualyf.com.ar\/2024\/?page_id=3536"},"modified":"2025-11-04T15:11:30","modified_gmt":"2025-11-04T14:11:30","slug":"menores","status":"publish","type":"page","link":"https:\/\/mutualyf.com.ar\/2024\/menores\/","title":{"rendered":"Afiliaci\u00f3n de Hijos Menores o reci\u00e9n Nacidos (Activos)"},"content":{"rendered":"\t\t<div data-elementor-type=\"wp-page\" data-elementor-id=\"45\" class=\"elementor elementor-45\" data-elementor-post-type=\"page\">\n\t\t\t\t<div class=\"elementor-element elementor-element-80a27b3 e-flex e-con-boxed e-con e-parent\" data-id=\"80a27b3\" data-element_type=\"container\" data-e-type=\"container\">\n\t\t\t\t\t<div class=\"e-con-inner\">\n\t\t\t\t<div class=\"elementor-element elementor-element-a5fe603 elementor-widget elementor-widget-heading\" data-id=\"a5fe603\" data-element_type=\"widget\" data-e-type=\"widget\" data-widget_type=\"heading.default\">\n\t\t\t\t<div class=\"elementor-widget-container\">\n\t\t\t\t\t<h2 class=\"elementor-heading-title elementor-size-default\">Afiliaci\u00f3n de Hijos Menores o reci\u00e9n Nacidos (Activos)<\/h2>\t\t\t\t<\/div>\n\t\t\t\t<\/div>\n\t\t\t\t\t<\/div>\n\t\t\t\t<\/div>\n\t\t<div class=\"elementor-element elementor-element-646b446d e-flex e-con-boxed e-con e-parent\" data-id=\"646b446d\" data-element_type=\"container\" data-e-type=\"container\">\n\t\t\t\t\t<div class=\"e-con-inner\">\n\t\t\t\t<div class=\"elementor-element elementor-element-6aa10436 elementor-widget elementor-widget-text-editor\" data-id=\"6aa10436\" data-element_type=\"widget\" data-e-type=\"widget\" data-widget_type=\"text-editor.default\">\n\t\t\t\t<div class=\"elementor-widget-container\">\n\t\t\t\t\t\t\t\t\t<h3>Documentaci\u00f3n que deben presentar en la OBRA SOCIAL:<\/h3><ul><li>DNI del titular.<\/li><li>DNI del hijo.<\/li><li>CODEM (donde figure todo el grupo familiar a cargo del titular en la Obra Social)<\/li><li>\u00daltimo recibo de cobro.<\/li><li>Carnet Obra Social del Titular.<\/li><li>Carnet sindical.<\/li><\/ul><h3>Para solicitar el CODEM en ANSES se debe presentar:<\/h3><ul><li>DNI del titular (Original y fotocopia).<\/li><li>DNI esposa del titular (Original y fotocopia).<\/li><li>DNI del hijo (Original y fotocopia).<\/li><li>Certificado de Matrimonio o Libreta de Matrimonio (Original y fotocopia certificada en Tribunales del Poder Judicial Provincial).<\/li><li>Certificado de Nacimiento del hijo (Original y fotocopia certificada en Tribunales del Poder Judicial Provincial).<\/li><li>\u00daltimo recibo de cobro.<\/li><\/ul><h3>Departamento de Afiliaciones.<\/h3><p>Horarios: Lunes a Viernes de 8:oo hs a 13:00 hs.<\/p><p>Direcci\u00f3n: Espa\u00f1a 1183 \u2013 Rosario \u2013 Santa Fe.<\/p><p>Whatsapp: 341 3719995<\/p><p>Contacto: afiliaciones@slyfros.com<\/p><p>NOTA: Debido a que la ANSES no tiene actualizado todos los padrones, es conveniente llevar adem\u00e1s de la documentaci\u00f3n arriba mencionada, documentaci\u00f3n del resto de los familiares a cargo y controlar que todos figuren en el CODEM, caso contrario no se podr\u00e1 realizar la incorporaci\u00f3n del familiar solicitado.<\/p><p><strong>1- ANSES<\/strong> Rosario Centro, Direcci\u00f3n: Rioja 1120, Rosario, Santa Fe.<\/p><p><strong>2- ANSES<\/strong> Rosario Norte, Direcci\u00f3n: Av. Alberdi 651, Rosario, Santa Fe.<\/p><p><strong>3- ANSES<\/strong> Rosario Oeste, Direcci\u00f3n: Av. Provincias Unidas 571, Santa Fe.<\/p><p><strong>Atenci\u00f3n de Lunes a viernes de 7,00 a 13 hs.<\/strong><\/p><p><strong>4- OFICINA<\/strong> Casilda, Santa Fe. H. Yrigoyen 2115, Casilda, Santa Fe,<\/p><p><strong>Horario: 7.00 a 13.00 hs.<\/strong><\/p><p><strong>NOTA:<\/strong> Debido a que la ANSeS no tiene actualizado todos los padrones, es conveniente llevar adem\u00e1s de la documentaci\u00f3n arriba mencionada, documentaci\u00f3n del resto de los familiares a cargo y controlar que todos figuren en el CODEM, caso contrario no se podr\u00e1 realiza la incorporaci\u00f3n del familiar solicitado.<\/p>\t\t\t\t\t\t\t\t<\/div>\n\t\t\t\t<\/div>\n\t\t\t\t\t<\/div>\n\t\t\t\t<\/div>\n\t\t\t\t<\/div>\n\t\t","protected":false},"excerpt":{"rendered":"<p>Afiliaci\u00f3n de Hijos Menores o reci\u00e9n Nacidos (Activos) Documentaci\u00f3n que deben presentar en la OBRA SOCIAL: DNI del titular. DNI del hijo. CODEM (donde figure todo el grupo familiar a cargo del titular en la Obra Social) \u00daltimo recibo de cobro. Carnet Obra Social del Titular. Carnet sindical. Para solicitar el CODEM en ANSES se debe presentar: DNI del titular &hellip;<\/p>\n","protected":false},"author":1,"featured_media":0,"parent":0,"menu_order":0,"comment_status":"closed","ping_status":"closed","template":"elementor_header_footer","meta":{"footnotes":""},"class_list":["post-45","page","type-page","status-publish","hentry"],"_links":{"self":[{"href":"https:\/\/mutualyf.com.ar\/2024\/wp-json\/wp\/v2\/pages\/45","targetHints":{"allow":["GET"]}}],"collection":[{"href":"https:\/\/mutualyf.com.ar\/2024\/wp-json\/wp\/v2\/pages"}],"about":[{"href":"https:\/\/mutualyf.com.ar\/2024\/wp-json\/wp\/v2\/types\/page"}],"author":[{"embeddable":true,"href":"https:\/\/mutualyf.com.ar\/2024\/wp-json\/wp\/v2\/users\/1"}],"replies":[{"embeddable":true,"href":"https:\/\/mutualyf.com.ar\/2024\/wp-json\/wp\/v2\/comments?post=45"}],"version-history":[{"count":16,"href":"https:\/\/mutualyf.com.ar\/2024\/wp-json\/wp\/v2\/pages\/45\/revisions"}],"predecessor-version":[{"id":1102,"href":"https:\/\/mutualyf.com.ar\/2024\/wp-json\/wp\/v2\/pages\/45\/revisions\/1102"}],"wp:attachment":[{"href":"https:\/\/mutualyf.com.ar\/2024\/wp-json\/wp\/v2\/media?parent=45"}],"curies":[{"name":"wp","href":"https:\/\/api.w.org\/{rel}","templated":true}]}}