{"id":44,"date":"2015-09-12T11:18:59","date_gmt":"2015-09-12T09:18:59","guid":{"rendered":"https:\/\/mutualyf.com.ar\/2024\/?page_id=3534"},"modified":"2025-11-04T15:06:18","modified_gmt":"2025-11-04T14:06:18","slug":"estudiantes","status":"publish","type":"page","link":"https:\/\/mutualyf.com.ar\/2024\/estudiantes\/","title":{"rendered":"Afiliaci\u00f3n de Estudiantes Mayores de 21 a\u00f1os (Activos)"},"content":{"rendered":"\t\t<div data-elementor-type=\"wp-page\" data-elementor-id=\"44\" class=\"elementor elementor-44\" data-elementor-post-type=\"page\">\n\t\t\t\t<div class=\"elementor-element elementor-element-2cb3dbc e-flex e-con-boxed e-con e-parent\" data-id=\"2cb3dbc\" data-element_type=\"container\" data-e-type=\"container\">\n\t\t\t\t\t<div class=\"e-con-inner\">\n\t\t\t\t<div class=\"elementor-element elementor-element-175eee7 elementor-widget elementor-widget-heading\" data-id=\"175eee7\" data-element_type=\"widget\" data-e-type=\"widget\" data-widget_type=\"heading.default\">\n\t\t\t\t<div class=\"elementor-widget-container\">\n\t\t\t\t\t<h2 class=\"elementor-heading-title elementor-size-default\">Afiliaci\u00f3n de Estudiantes Mayores de 21 a\u00f1os (Activos)<\/h2>\t\t\t\t<\/div>\n\t\t\t\t<\/div>\n\t\t\t\t\t<\/div>\n\t\t\t\t<\/div>\n\t\t<div class=\"elementor-element elementor-element-39cf078a e-flex e-con-boxed e-con e-parent\" data-id=\"39cf078a\" data-element_type=\"container\" data-e-type=\"container\">\n\t\t\t\t\t<div class=\"e-con-inner\">\n\t\t\t\t<div class=\"elementor-element elementor-element-51c69a9 elementor-widget elementor-widget-text-editor\" data-id=\"51c69a9\" data-element_type=\"widget\" data-e-type=\"widget\" data-widget_type=\"text-editor.default\">\n\t\t\t\t<div class=\"elementor-widget-container\">\n\t\t\t\t\t\t\t\t\t<h3><strong>Documentaci\u00f3n que deben presentar en la OBRA SOCIAL<\/strong>:<\/h3><ul><li>DNI del estudiante.<\/li><li>DNI del<\/li><li>CODEM (Tiene que decir Hijo estudiante).<\/li><li>Certificaci\u00f3n Negativa del hijo estudiante (se puede tramitar en: <a href=\"http:\/\/www.anses.gob.ar\" target=\"_blank\" rel=\"noopener\">http:\/\/www.anses.gob.ar<\/a>).<\/li><li>Certificado de Estudio.<\/li><li>Ultimo recibo de cobro.<\/li><li>Carnet de la Obra Social del Titular<\/li><\/ul><h3><strong>En ANSES deben solicitar el CODEM, para solicitar el mismo deben llevar:<\/strong><\/h3><ul><li>DNI del titular (Original y fotocopia).<\/li><li>DNI del hijo (Original y fotocopia).<\/li><li>Certificado de Matrimonio o Libreta de Matrimonio (Original y fotocopia certificada en Tribunales del Poder Judicial Provincial).<\/li><li>Certificado de Nacimiento del hijo (Original y fotocopia certificada en Tribunales del Poder Judicial Provincial).<\/li><li>Certificado de estudios de alumno regular, terciarios u otros, presentar formulario ANSES de escolaridad.<\/li><li>\u00daltimo recibo de cobro.<\/li><\/ul><p><strong>\u00a0<\/strong><\/p><p>NOTA: Debido a que la ANSeS no tiene actualizado todos los padrones, es conveniente\u00a0 llevar adem\u00e1s de la documentaci\u00f3n arriba mencionada,\u00a0\u00a0\u00a0\u00a0 documentaci\u00f3n del resto de los familiares a cargo y controlar que todos figuren en el CODEM, caso contrario no se podr\u00e1 realiza la incorporaci\u00f3n del familiar solicitado.<\/p>\t\t\t\t\t\t\t\t<\/div>\n\t\t\t\t<\/div>\n\t\t\t\t\t<\/div>\n\t\t\t\t<\/div>\n\t\t\t\t<\/div>\n\t\t","protected":false},"excerpt":{"rendered":"<p>Afiliaci\u00f3n de Estudiantes Mayores de 21 a\u00f1os (Activos) Documentaci\u00f3n que deben presentar en la OBRA SOCIAL: DNI del estudiante. DNI del CODEM (Tiene que decir Hijo estudiante). Certificaci\u00f3n Negativa del hijo estudiante (se puede tramitar en: http:\/\/www.anses.gob.ar). Certificado de Estudio. Ultimo recibo de cobro. Carnet de la Obra Social del Titular En ANSES deben solicitar el CODEM, para solicitar el &hellip;<\/p>\n","protected":false},"author":1,"featured_media":0,"parent":0,"menu_order":0,"comment_status":"closed","ping_status":"closed","template":"elementor_header_footer","meta":{"footnotes":""},"class_list":["post-44","page","type-page","status-publish","hentry"],"_links":{"self":[{"href":"https:\/\/mutualyf.com.ar\/2024\/wp-json\/wp\/v2\/pages\/44","targetHints":{"allow":["GET"]}}],"collection":[{"href":"https:\/\/mutualyf.com.ar\/2024\/wp-json\/wp\/v2\/pages"}],"about":[{"href":"https:\/\/mutualyf.com.ar\/2024\/wp-json\/wp\/v2\/types\/page"}],"author":[{"embeddable":true,"href":"https:\/\/mutualyf.com.ar\/2024\/wp-json\/wp\/v2\/users\/1"}],"replies":[{"embeddable":true,"href":"https:\/\/mutualyf.com.ar\/2024\/wp-json\/wp\/v2\/comments?post=44"}],"version-history":[{"count":13,"href":"https:\/\/mutualyf.com.ar\/2024\/wp-json\/wp\/v2\/pages\/44\/revisions"}],"predecessor-version":[{"id":1089,"href":"https:\/\/mutualyf.com.ar\/2024\/wp-json\/wp\/v2\/pages\/44\/revisions\/1089"}],"wp:attachment":[{"href":"https:\/\/mutualyf.com.ar\/2024\/wp-json\/wp\/v2\/media?parent=44"}],"curies":[{"name":"wp","href":"https:\/\/api.w.org\/{rel}","templated":true}]}}