{"id":127,"date":"2015-09-08T20:56:49","date_gmt":"2015-09-08T18:56:49","guid":{"rendered":"https:\/\/mutualyf.com.ar\/2024\/?page_id=3288"},"modified":"2024-08-08T17:33:05","modified_gmt":"2024-08-08T15:33:05","slug":"seccionales","status":"publish","type":"page","link":"https:\/\/mutualyf.com.ar\/2024\/seccionales\/","title":{"rendered":"Seccionales"},"content":{"rendered":"\t\t<div data-elementor-type=\"wp-page\" data-elementor-id=\"127\" class=\"elementor elementor-127\" data-elementor-post-type=\"page\">\n\t\t\t\t<div class=\"elementor-element elementor-element-e5401a3 e-flex e-con-boxed e-con e-parent\" data-id=\"e5401a3\" data-element_type=\"container\" data-e-type=\"container\">\n\t\t\t\t\t<div class=\"e-con-inner\">\n\t\t\t\t<div class=\"elementor-element elementor-element-c5461ea elementor-widget elementor-widget-heading\" data-id=\"c5461ea\" data-element_type=\"widget\" data-e-type=\"widget\" data-widget_type=\"heading.default\">\n\t\t\t\t<div class=\"elementor-widget-container\">\n\t\t\t\t\t<h2 class=\"elementor-heading-title elementor-size-default\">Seccionales<\/h2>\t\t\t\t<\/div>\n\t\t\t\t<\/div>\n\t\t\t\t\t<\/div>\n\t\t\t\t<\/div>\n\t\t<div class=\"elementor-element elementor-element-6fc08a7 e-flex e-con-boxed e-con e-parent\" data-id=\"6fc08a7\" data-element_type=\"container\" data-e-type=\"container\">\n\t\t\t\t\t<div class=\"e-con-inner\">\n\t\t<div class=\"elementor-element elementor-element-21fed3a e-con-full e-flex e-con e-child\" data-id=\"21fed3a\" data-element_type=\"container\" data-e-type=\"container\" data-settings=\"{&quot;background_background&quot;:&quot;classic&quot;}\">\n\t\t\t\t<div class=\"elementor-element elementor-element-6d05a32 elementor-widget elementor-widget-heading\" data-id=\"6d05a32\" data-element_type=\"widget\" data-e-type=\"widget\" data-widget_type=\"heading.default\">\n\t\t\t\t<div class=\"elementor-widget-container\">\n\t\t\t\t\t<h2 class=\"elementor-heading-title elementor-size-default\">CASILDA<\/h2>\t\t\t\t<\/div>\n\t\t\t\t<\/div>\n\t\t\t\t<div class=\"elementor-element elementor-element-171194f elementor-widget elementor-widget-text-editor\" data-id=\"171194f\" data-element_type=\"widget\" data-e-type=\"widget\" data-widget_type=\"text-editor.default\">\n\t\t\t\t<div class=\"elementor-widget-container\">\n\t\t\t\t\t\t\t\t\t<p><strong>Direcci\u00f3n:<\/strong>\u00a0 HIPOLITO YRIGOYEN 1986<br \/><strong>Tel\u00e9fono:<\/strong> 3417048130<br \/><strong>E-mail:<\/strong> casilda@slyfros.com<\/p>\t\t\t\t\t\t\t\t<\/div>\n\t\t\t\t<\/div>\n\t\t\t\t<\/div>\n\t\t<div class=\"elementor-element elementor-element-57bc6f2 e-con-full e-flex e-con e-child\" data-id=\"57bc6f2\" data-element_type=\"container\" data-e-type=\"container\" data-settings=\"{&quot;background_background&quot;:&quot;classic&quot;}\">\n\t\t\t\t<div class=\"elementor-element elementor-element-c42bf0f elementor-widget elementor-widget-heading\" data-id=\"c42bf0f\" data-element_type=\"widget\" data-e-type=\"widget\" data-widget_type=\"heading.default\">\n\t\t\t\t<div class=\"elementor-widget-container\">\n\t\t\t\t\t<h2 class=\"elementor-heading-title elementor-size-default\">CARCARA\u00d1A<\/h2>\t\t\t\t<\/div>\n\t\t\t\t<\/div>\n\t\t\t\t<div class=\"elementor-element elementor-element-d2f0dbb elementor-widget elementor-widget-text-editor\" data-id=\"d2f0dbb\" data-element_type=\"widget\" data-e-type=\"widget\" data-widget_type=\"text-editor.default\">\n\t\t\t\t<div class=\"elementor-widget-container\">\n\t\t\t\t\t\t\t\t\t<p><strong>Direcci\u00f3n:<\/strong>\u00a0 BELGRANO 1758<br \/><strong>Tel\u00e9fono:<\/strong> 3417048126<br \/><strong>E-mail:<\/strong> caracarana@slyfros.com<\/p>\t\t\t\t\t\t\t\t<\/div>\n\t\t\t\t<\/div>\n\t\t\t\t<\/div>\n\t\t\t\t\t<\/div>\n\t\t\t\t<\/div>\n\t\t<div class=\"elementor-element elementor-element-fb95062 e-flex e-con-boxed e-con e-parent\" data-id=\"fb95062\" data-element_type=\"container\" data-e-type=\"container\">\n\t\t\t\t\t<div class=\"e-con-inner\">\n\t\t<div class=\"elementor-element elementor-element-0630116 e-con-full e-flex e-con e-child\" data-id=\"0630116\" data-element_type=\"container\" data-e-type=\"container\" data-settings=\"{&quot;background_background&quot;:&quot;classic&quot;}\">\n\t\t\t\t<div class=\"elementor-element elementor-element-062fc0b elementor-widget elementor-widget-heading\" data-id=\"062fc0b\" data-element_type=\"widget\" data-e-type=\"widget\" data-widget_type=\"heading.default\">\n\t\t\t\t<div class=\"elementor-widget-container\">\n\t\t\t\t\t<h2 class=\"elementor-heading-title elementor-size-default\">FIRMAT<\/h2>\t\t\t\t<\/div>\n\t\t\t\t<\/div>\n\t\t\t\t<div class=\"elementor-element elementor-element-503ba9b elementor-widget elementor-widget-text-editor\" data-id=\"503ba9b\" data-element_type=\"widget\" data-e-type=\"widget\" data-widget_type=\"text-editor.default\">\n\t\t\t\t<div class=\"elementor-widget-container\">\n\t\t\t\t\t\t\t\t\t<p><strong>Direcci\u00f3n:<\/strong>\u00a0 ENTRE R\u00cdOS 683<br \/><strong>Tel\u00e9fono:<\/strong> 3417048128<br \/><strong>E-mail:<\/strong> firmat@slyfros.com<\/p>\t\t\t\t\t\t\t\t<\/div>\n\t\t\t\t<\/div>\n\t\t\t\t<\/div>\n\t\t<div class=\"elementor-element elementor-element-ac09793 e-con-full e-flex e-con e-child\" data-id=\"ac09793\" data-element_type=\"container\" data-e-type=\"container\" data-settings=\"{&quot;background_background&quot;:&quot;classic&quot;}\">\n\t\t\t\t<div class=\"elementor-element elementor-element-7bed1b2 elementor-widget elementor-widget-heading\" data-id=\"7bed1b2\" data-element_type=\"widget\" data-e-type=\"widget\" data-widget_type=\"heading.default\">\n\t\t\t\t<div class=\"elementor-widget-container\">\n\t\t\t\t\t<h2 class=\"elementor-heading-title elementor-size-default\">VILLA GOBERNADOR G\u00c1LVEZ (FILIAL)<\/h2>\t\t\t\t<\/div>\n\t\t\t\t<\/div>\n\t\t\t\t<div class=\"elementor-element elementor-element-2bb5b01 elementor-widget elementor-widget-text-editor\" data-id=\"2bb5b01\" data-element_type=\"widget\" data-e-type=\"widget\" data-widget_type=\"text-editor.default\">\n\t\t\t\t<div class=\"elementor-widget-container\">\n\t\t\t\t\t\t\t\t\t<p><strong>Direcci\u00f3n:<\/strong>\u00a0 AV. PRESIDENTE PER\u00d3N 1776<br \/><strong>Tel\u00e9fono:<\/strong> 3417048249<br \/><strong>E-mail:<\/strong> vgg@slyfros.com<\/p>\t\t\t\t\t\t\t\t<\/div>\n\t\t\t\t<\/div>\n\t\t\t\t<\/div>\n\t\t\t\t\t<\/div>\n\t\t\t\t<\/div>\n\t\t<div class=\"elementor-element elementor-element-687f933 e-flex e-con-boxed e-con e-parent\" data-id=\"687f933\" data-element_type=\"container\" data-e-type=\"container\">\n\t\t\t\t\t<div class=\"e-con-inner\">\n\t\t<div class=\"elementor-element elementor-element-6fce347 e-con-full e-flex e-con e-child\" data-id=\"6fce347\" data-element_type=\"container\" data-e-type=\"container\" data-settings=\"{&quot;background_background&quot;:&quot;classic&quot;}\">\n\t\t\t\t<div class=\"elementor-element elementor-element-2bff5eb elementor-widget elementor-widget-heading\" data-id=\"2bff5eb\" data-element_type=\"widget\" data-e-type=\"widget\" data-widget_type=\"heading.default\">\n\t\t\t\t<div class=\"elementor-widget-container\">\n\t\t\t\t\t<h2 class=\"elementor-heading-title elementor-size-default\">SAN LORENZO<\/h2>\t\t\t\t<\/div>\n\t\t\t\t<\/div>\n\t\t\t\t<div class=\"elementor-element elementor-element-f2276c3 elementor-widget elementor-widget-text-editor\" data-id=\"f2276c3\" data-element_type=\"widget\" data-e-type=\"widget\" data-widget_type=\"text-editor.default\">\n\t\t\t\t<div class=\"elementor-widget-container\">\n\t\t\t\t\t\t\t\t\t<p><strong>Direcci\u00f3n:<\/strong>\u00a0 ENTRE R\u00cdOS 557<br \/><strong>Tel\u00e9fono:<\/strong> 3417048127<br \/><strong>E-mail:<\/strong> sanlorenzo@slyfros.com<\/p>\t\t\t\t\t\t\t\t<\/div>\n\t\t\t\t<\/div>\n\t\t\t\t<\/div>\n\t\t<div class=\"elementor-element elementor-element-7092f2d e-con-full e-flex e-con e-child\" data-id=\"7092f2d\" data-element_type=\"container\" data-e-type=\"container\" data-settings=\"{&quot;background_background&quot;:&quot;classic&quot;}\">\n\t\t\t\t<div class=\"elementor-element elementor-element-65525fd elementor-widget elementor-widget-heading\" data-id=\"65525fd\" data-element_type=\"widget\" data-e-type=\"widget\" data-widget_type=\"heading.default\">\n\t\t\t\t<div class=\"elementor-widget-container\">\n\t\t\t\t\t<h2 class=\"elementor-heading-title elementor-size-default\">VILLA CONSTITUCI\u00d3N<\/h2>\t\t\t\t<\/div>\n\t\t\t\t<\/div>\n\t\t\t\t<div class=\"elementor-element elementor-element-c193001 elementor-widget elementor-widget-text-editor\" data-id=\"c193001\" data-element_type=\"widget\" data-e-type=\"widget\" data-widget_type=\"text-editor.default\">\n\t\t\t\t<div class=\"elementor-widget-container\">\n\t\t\t\t\t\t\t\t\t<p><strong>Direcci\u00f3n:<\/strong>\u00a0 HIPOLITO YRIGOYEN 182<br \/><strong>Tel\u00e9fono:<\/strong> 3417048129<br \/><strong>E-mail:<\/strong> villaconstitucion@slyfros.com<\/p>\t\t\t\t\t\t\t\t<\/div>\n\t\t\t\t<\/div>\n\t\t\t\t<\/div>\n\t\t\t\t\t<\/div>\n\t\t\t\t<\/div>\n\t\t\t\t<\/div>\n\t\t","protected":false},"excerpt":{"rendered":"<p>Seccionales CASILDA Direcci\u00f3n:\u00a0 HIPOLITO YRIGOYEN 1986Tel\u00e9fono: 3417048130E-mail: casilda@slyfros.com CARCARA\u00d1A Direcci\u00f3n:\u00a0 BELGRANO 1758Tel\u00e9fono: 3417048126E-mail: caracarana@slyfros.com FIRMAT Direcci\u00f3n:\u00a0 ENTRE R\u00cdOS 683Tel\u00e9fono: 3417048128E-mail: firmat@slyfros.com VILLA GOBERNADOR G\u00c1LVEZ (FILIAL) Direcci\u00f3n:\u00a0 AV. PRESIDENTE PER\u00d3N 1776Tel\u00e9fono: 3417048249E-mail: vgg@slyfros.com SAN LORENZO Direcci\u00f3n:\u00a0 ENTRE R\u00cdOS 557Tel\u00e9fono: 3417048127E-mail: sanlorenzo@slyfros.com VILLA CONSTITUCI\u00d3N Direcci\u00f3n:\u00a0 HIPOLITO YRIGOYEN 182Tel\u00e9fono: 3417048129E-mail: villaconstitucion@slyfros.com<\/p>\n","protected":false},"author":1,"featured_media":0,"parent":0,"menu_order":0,"comment_status":"closed","ping_status":"closed","template":"elementor_header_footer","meta":{"footnotes":""},"class_list":["post-127","page","type-page","status-publish","hentry"],"_links":{"self":[{"href":"https:\/\/mutualyf.com.ar\/2024\/wp-json\/wp\/v2\/pages\/127","targetHints":{"allow":["GET"]}}],"collection":[{"href":"https:\/\/mutualyf.com.ar\/2024\/wp-json\/wp\/v2\/pages"}],"about":[{"href":"https:\/\/mutualyf.com.ar\/2024\/wp-json\/wp\/v2\/types\/page"}],"author":[{"embeddable":true,"href":"https:\/\/mutualyf.com.ar\/2024\/wp-json\/wp\/v2\/users\/1"}],"replies":[{"embeddable":true,"href":"https:\/\/mutualyf.com.ar\/2024\/wp-json\/wp\/v2\/comments?post=127"}],"version-history":[{"count":40,"href":"https:\/\/mutualyf.com.ar\/2024\/wp-json\/wp\/v2\/pages\/127\/revisions"}],"predecessor-version":[{"id":908,"href":"https:\/\/mutualyf.com.ar\/2024\/wp-json\/wp\/v2\/pages\/127\/revisions\/908"}],"wp:attachment":[{"href":"https:\/\/mutualyf.com.ar\/2024\/wp-json\/wp\/v2\/media?parent=127"}],"curies":[{"name":"wp","href":"https:\/\/api.w.org\/{rel}","templated":true}]}}