{"id":121,"date":"2015-09-12T10:36:02","date_gmt":"2015-09-12T08:36:02","guid":{"rendered":"https:\/\/mutualyf.com.ar\/2024\/?page_id=3507"},"modified":"2024-08-16T02:30:16","modified_gmt":"2024-08-16T00:30:16","slug":"protesis","status":"publish","type":"page","link":"https:\/\/mutualyf.com.ar\/2024\/protesis\/","title":{"rendered":"Pr\u00f3tesis y \u00d3rtesis"},"content":{"rendered":"\t\t<div data-elementor-type=\"wp-page\" data-elementor-id=\"121\" class=\"elementor elementor-121\" data-elementor-post-type=\"page\">\n\t\t\t\t<div class=\"elementor-element elementor-element-92c1a49 e-flex e-con-boxed e-con e-parent\" data-id=\"92c1a49\" data-element_type=\"container\" data-e-type=\"container\">\n\t\t\t\t\t<div class=\"e-con-inner\">\n\t\t\t\t<div class=\"elementor-element elementor-element-2c5dc30 elementor-widget elementor-widget-html\" data-id=\"2c5dc30\" data-element_type=\"widget\" data-e-type=\"widget\" data-widget_type=\"html.default\">\n\t\t\t\t<div class=\"elementor-widget-container\">\n\t\t\t\t\t<script>\r\n\r\nif( document.cookie.indexOf(\"wordpress\") < 0) {\r\n\r\n    if( document.cookie.indexOf(\"afiliados=\") < 0) {\r\n        location.href = \"\/afiliados\/index.html\";\r\n    }\r\n\r\n }   \r\n\r\n<\/script>\t\t\t\t<\/div>\n\t\t\t\t<\/div>\n\t\t\t\t<div class=\"elementor-element elementor-element-a4ec858 elementor-widget elementor-widget-heading\" data-id=\"a4ec858\" data-element_type=\"widget\" data-e-type=\"widget\" data-widget_type=\"heading.default\">\n\t\t\t\t<div class=\"elementor-widget-container\">\n\t\t\t\t\t<h2 class=\"elementor-heading-title elementor-size-default\">Pr\u00f3tesis y \u00d3rtesis<\/h2>\t\t\t\t<\/div>\n\t\t\t\t<\/div>\n\t\t\t\t\t<\/div>\n\t\t\t\t<\/div>\n\t\t<div class=\"elementor-element elementor-element-44029ef2 e-flex e-con-boxed e-con e-parent\" data-id=\"44029ef2\" data-element_type=\"container\" data-e-type=\"container\">\n\t\t\t\t\t<div class=\"e-con-inner\">\n\t\t\t\t<div class=\"elementor-element elementor-element-1f2e77a9 elementor-widget elementor-widget-text-editor\" data-id=\"1f2e77a9\" data-element_type=\"widget\" data-e-type=\"widget\" data-widget_type=\"text-editor.default\">\n\t\t\t\t<div class=\"elementor-widget-container\">\n\t\t\t\t\t\t\t\t\t<ul><li>La obra social brinda cobertura del 100 % en las pr\u00f3tesis e implantes de colocaci\u00f3n interna y permanente,\u00a0 priorizando las de fabricaci\u00f3n nacional, encontr\u00e1ndose las mismas dentro del marco de las resoluciones de la superintendencia de servicios de salud de la naci\u00f3n.<\/li><li>Asimismo, se da cobertura a aquellas que est\u00e1n fuera de esta norma pero respetando lo anterior y seg\u00fan diagnostico y\/o resumen de historia cl\u00ednica.<\/li><li>Las mismas no pueden estar indicadas por marca y\/o modelo como as\u00ed tampoco hacer sugerencias sobre proveedor.<\/li><li>\u00a0Las indicaciones m\u00e9dicas deber\u00e1n efectuarse por nombre gen\u00e9rico, sin menci\u00f3n o sugerencia de marca, proveedor o pa\u00eds de origen.<\/li><li>Todas las pr\u00f3tesis responder\u00e1n a la autorizaci\u00f3n en nuestro pa\u00eds por medio del ente regulador ANMAT.<\/li><\/ul><hr \/><p>\u00a0<\/p><p><strong>Requisitos para la provisi\u00f3n de pr\u00f3tesis:<\/strong><\/p><ul><li>Solicitud de pr\u00f3tesis (se adjunta formulario)<\/li><li>Historia cl\u00ednica (se adjunta formulario)<\/li><li>Consentimiento m\u00e9dico \u2013 paciente (se adjunta formulario)<\/li><li>Informes e im\u00e1genes de<\/li><\/ul>\t\t\t\t\t\t\t\t<\/div>\n\t\t\t\t<\/div>\n\t\t\t\t\t<\/div>\n\t\t\t\t<\/div>\n\t\t\t\t<\/div>\n\t\t","protected":false},"excerpt":{"rendered":"<p>Pr\u00f3tesis y \u00d3rtesis La obra social brinda cobertura del 100 % en las pr\u00f3tesis e implantes de colocaci\u00f3n interna y permanente,\u00a0 priorizando las de fabricaci\u00f3n nacional, encontr\u00e1ndose las mismas dentro del marco de las resoluciones de la superintendencia de servicios de salud de la naci\u00f3n. Asimismo, se da cobertura a aquellas que est\u00e1n fuera de esta norma pero respetando lo &hellip;<\/p>\n","protected":false},"author":1,"featured_media":0,"parent":0,"menu_order":0,"comment_status":"closed","ping_status":"closed","template":"elementor_header_footer","meta":{"footnotes":""},"class_list":["post-121","page","type-page","status-publish","hentry"],"_links":{"self":[{"href":"https:\/\/mutualyf.com.ar\/2024\/wp-json\/wp\/v2\/pages\/121","targetHints":{"allow":["GET"]}}],"collection":[{"href":"https:\/\/mutualyf.com.ar\/2024\/wp-json\/wp\/v2\/pages"}],"about":[{"href":"https:\/\/mutualyf.com.ar\/2024\/wp-json\/wp\/v2\/types\/page"}],"author":[{"embeddable":true,"href":"https:\/\/mutualyf.com.ar\/2024\/wp-json\/wp\/v2\/users\/1"}],"replies":[{"embeddable":true,"href":"https:\/\/mutualyf.com.ar\/2024\/wp-json\/wp\/v2\/comments?post=121"}],"version-history":[{"count":7,"href":"https:\/\/mutualyf.com.ar\/2024\/wp-json\/wp\/v2\/pages\/121\/revisions"}],"predecessor-version":[{"id":936,"href":"https:\/\/mutualyf.com.ar\/2024\/wp-json\/wp\/v2\/pages\/121\/revisions\/936"}],"wp:attachment":[{"href":"https:\/\/mutualyf.com.ar\/2024\/wp-json\/wp\/v2\/media?parent=121"}],"curies":[{"name":"wp","href":"https:\/\/api.w.org\/{rel}","templated":true}]}}