{"id":117,"date":"2015-09-12T10:43:23","date_gmt":"2015-09-12T08:43:23","guid":{"rendered":"https:\/\/mutualyf.com.ar\/2024\/?page_id=3517"},"modified":"2024-07-18T14:19:22","modified_gmt":"2024-07-18T12:19:22","slug":"plantillas","status":"publish","type":"page","link":"https:\/\/mutualyf.com.ar\/2024\/plantillas\/","title":{"rendered":"Plantillas o Reformas de Calzado"},"content":{"rendered":"\t\t<div data-elementor-type=\"wp-page\" data-elementor-id=\"117\" class=\"elementor elementor-117\" data-elementor-post-type=\"page\">\n\t\t\t\t<div class=\"elementor-element elementor-element-1af79a1 e-flex e-con-boxed e-con e-parent\" data-id=\"1af79a1\" data-element_type=\"container\" data-e-type=\"container\">\n\t\t\t\t\t<div class=\"e-con-inner\">\n\t\t\t\t<div class=\"elementor-element elementor-element-5dce500 elementor-widget elementor-widget-heading\" data-id=\"5dce500\" data-element_type=\"widget\" data-e-type=\"widget\" data-widget_type=\"heading.default\">\n\t\t\t\t<div class=\"elementor-widget-container\">\n\t\t\t\t\t<h2 class=\"elementor-heading-title elementor-size-default\">Plantillas o Reformas de Calzado<\/h2>\t\t\t\t<\/div>\n\t\t\t\t<\/div>\n\t\t\t\t\t<\/div>\n\t\t\t\t<\/div>\n\t\t<div class=\"elementor-element elementor-element-462e98dd e-flex e-con-boxed e-con e-parent\" data-id=\"462e98dd\" data-element_type=\"container\" data-e-type=\"container\">\n\t\t\t\t\t<div class=\"e-con-inner\">\n\t\t\t\t<div class=\"elementor-element elementor-element-3b73c898 elementor-widget elementor-widget-text-editor\" data-id=\"3b73c898\" data-element_type=\"widget\" data-e-type=\"widget\" data-widget_type=\"text-editor.default\">\n\t\t\t\t<div class=\"elementor-widget-container\">\n\t\t\t\t\t\t\t\t\t<ul><li>Pedido medico con indicaci\u00f3n m\u00e9dica de la correcci\u00f3n requerida y Factura o Tickets de compra. (Originales y fotocopias de c\/u).<\/li><\/ul>\t\t\t\t\t\t\t\t<\/div>\n\t\t\t\t<\/div>\n\t\t\t\t\t<\/div>\n\t\t\t\t<\/div>\n\t\t\t\t<\/div>\n\t\t","protected":false},"excerpt":{"rendered":"<p>Plantillas o Reformas de Calzado Pedido medico con indicaci\u00f3n m\u00e9dica de la correcci\u00f3n requerida y Factura o Tickets de compra. (Originales y fotocopias de c\/u).<\/p>\n","protected":false},"author":1,"featured_media":0,"parent":0,"menu_order":0,"comment_status":"closed","ping_status":"closed","template":"elementor_header_footer","meta":{"footnotes":""},"class_list":["post-117","page","type-page","status-publish","hentry"],"_links":{"self":[{"href":"https:\/\/mutualyf.com.ar\/2024\/wp-json\/wp\/v2\/pages\/117","targetHints":{"allow":["GET"]}}],"collection":[{"href":"https:\/\/mutualyf.com.ar\/2024\/wp-json\/wp\/v2\/pages"}],"about":[{"href":"https:\/\/mutualyf.com.ar\/2024\/wp-json\/wp\/v2\/types\/page"}],"author":[{"embeddable":true,"href":"https:\/\/mutualyf.com.ar\/2024\/wp-json\/wp\/v2\/users\/1"}],"replies":[{"embeddable":true,"href":"https:\/\/mutualyf.com.ar\/2024\/wp-json\/wp\/v2\/comments?post=117"}],"version-history":[{"count":4,"href":"https:\/\/mutualyf.com.ar\/2024\/wp-json\/wp\/v2\/pages\/117\/revisions"}],"predecessor-version":[{"id":480,"href":"https:\/\/mutualyf.com.ar\/2024\/wp-json\/wp\/v2\/pages\/117\/revisions\/480"}],"wp:attachment":[{"href":"https:\/\/mutualyf.com.ar\/2024\/wp-json\/wp\/v2\/media?parent=117"}],"curies":[{"name":"wp","href":"https:\/\/api.w.org\/{rel}","templated":true}]}}